{"id":613,"date":"2025-06-22T17:11:54","date_gmt":"2025-06-22T15:11:54","guid":{"rendered":"https:\/\/www.tis-schaefer.de\/?page_id=613"},"modified":"2025-07-07T11:39:05","modified_gmt":"2025-07-07T09:39:05","slug":"service","status":"publish","type":"page","link":"https:\/\/www.tis-schaefer.de\/en\/service\/","title":{"rendered":"Service"},"content":{"rendered":"<div data-elementor-type=\"wp-page\" data-elementor-id=\"613\" class=\"elementor elementor-613\" data-elementor-post-type=\"page\">\n\t\t\t\t<div class=\"elementor-element elementor-element-5fa92d67 e-con-full e-flex e-con e-parent\" data-id=\"5fa92d67\" data-element_type=\"container\" data-e-type=\"container\">\n\t\t\t\t<div class=\"elementor-element elementor-element-79c58f9 elementor--h-position-center elementor--v-position-middle elementor-arrows-position-inside elementor-pagination-position-inside elementor-widget elementor-widget-slides\" data-id=\"79c58f9\" data-element_type=\"widget\" data-e-type=\"widget\" data-settings=\"{&quot;autoplay_speed&quot;:3000,&quot;transition&quot;:&quot;fade&quot;,&quot;transition_speed&quot;:1000,&quot;navigation&quot;:&quot;both&quot;,&quot;autoplay&quot;:&quot;yes&quot;,&quot;infinite&quot;:&quot;yes&quot;}\" data-widget_type=\"slides.default\">\n\t\t\t\t<div class=\"elementor-widget-container\">\n\t\t\t\t\t\t\t\t\t<div class=\"elementor-swiper\">\n\t\t\t\t\t<div class=\"elementor-slides-wrapper elementor-main-swiper swiper\" role=\"region\" aria-roledescription=\"carousel\" aria-label=\"Slider\" dir=\"ltr\" data-animation=\"fadeInUp\">\n\t\t\t\t<div class=\"swiper-wrapper elementor-slides\">\n\t\t\t\t\t\t\t\t\t\t<div class=\"elementor-repeater-item-35e644a swiper-slide\" role=\"group\" aria-roledescription=\"slide\"><div class=\"swiper-slide-bg elementor-ken-burns elementor-ken-burns--in\" role=\"img\" aria-label=\"Service-Motiv01\"><\/div><div class=\"swiper-slide-inner\" ><div class=\"swiper-slide-contents\"><div class=\"elementor-slide-heading\">Leistungsspektrum<\/div><div class=\"elementor-slide-description\">Fundierte Beratung bis zur vollst\u00e4ndigen Projektbegleitung<\/div><\/div><\/div><\/div><div class=\"elementor-repeater-item-3c7c3d1 swiper-slide\" role=\"group\" aria-roledescription=\"slide\"><div class=\"swiper-slide-bg elementor-ken-burns elementor-ken-burns--in\" role=\"img\" aria-label=\"Service-Motiv02\"><\/div><div class=\"swiper-slide-inner\" ><div class=\"swiper-slide-contents\"><div class=\"elementor-slide-heading\">Radio-frequency welding<\/div><div class=\"elementor-slide-description\">with in-house tool and fixture manufacturing<\/div><\/div><\/div><\/div><div class=\"elementor-repeater-item-0bd0f40 swiper-slide\" role=\"group\" aria-roledescription=\"slide\"><div class=\"swiper-slide-bg elementor-ken-burns elementor-ken-burns--in\" role=\"img\" aria-label=\"Positionierrad\"><\/div><div class=\"swiper-slide-inner\" ><div class=\"swiper-slide-contents\"><div class=\"elementor-slide-heading\">Reproduction of spare parts<\/div><div class=\"elementor-slide-description\">for legacy machines without replacement part supply<\/div><\/div><\/div><\/div>\t\t\t\t<\/div>\n\t\t\t\t\t\t\t\t\t\t\t\t\t\t\t<div class=\"elementor-swiper-button elementor-swiper-button-prev\" role=\"button\" tabindex=\"0\" aria-label=\"Vorheriger Slide\">\n\t\t\t\t\t\t\t<svg aria-hidden=\"true\" class=\"e-font-icon-svg e-eicon-chevron-left\" viewbox=\"0 0 1000 1000\" xmlns=\"http:\/\/www.w3.org\/2000\/svg\"><path d=\"M646 125C629 125 613 133 604 142L308 442C296 454 292 471 292 487 292 504 296 521 308 533L604 854C617 867 629 875 646 875 663 875 679 871 692 858 704 846 713 829 713 812 713 796 708 779 692 767L438 487 692 225C700 217 708 204 708 187 708 171 704 154 692 142 675 129 663 125 646 125Z\"><\/path><\/svg>\t\t\t\t\t\t<\/div>\n\t\t\t\t\t\t<div class=\"elementor-swiper-button elementor-swiper-button-next\" role=\"button\" tabindex=\"0\" aria-label=\"N\u00e4chster Slide\">\n\t\t\t\t\t\t\t<svg aria-hidden=\"true\" class=\"e-font-icon-svg e-eicon-chevron-right\" viewbox=\"0 0 1000 1000\" xmlns=\"http:\/\/www.w3.org\/2000\/svg\"><path d=\"M696 533C708 521 713 504 713 487 713 471 708 454 696 446L400 146C388 133 375 125 354 125 338 125 325 129 313 142 300 154 292 171 292 187 292 204 296 221 308 233L563 492 304 771C292 783 288 800 288 817 288 833 296 850 308 863 321 871 338 875 354 875 371 875 388 867 400 854L696 533Z\"><\/path><\/svg>\t\t\t\t\t\t<\/div>\n\t\t\t\t\t\t\t\t\t\t\t\t\t\t\t\t<div class=\"swiper-pagination\"><\/div>\n\t\t\t\t\t\t\t\t\t\t\t\t<\/div>\n\t\t\t\t<\/div>\n\t\t\t\t\t\t\t\t<\/div>\n\t\t\t\t<\/div>\n\t\t\t\t<\/div>\n\t\t<div class=\"elementor-element elementor-element-42eb8e2 e-con-full e-flex e-con e-parent\" data-id=\"42eb8e2\" data-element_type=\"container\" data-e-type=\"container\">\n\t\t\t\t<div class=\"elementor-element elementor-element-ed1b5b4 elementor-widget elementor-widget-heading\" data-id=\"ed1b5b4\" data-element_type=\"widget\" data-e-type=\"widget\" data-widget_type=\"heading.default\">\n\t\t\t\t<div class=\"elementor-widget-container\">\n\t\t\t\t\t<h2 class=\"elementor-heading-title elementor-size-default\">Technology. Support. Trust.<\/h2>\t\t\t\t<\/div>\n\t\t\t\t<\/div>\n\t\t\t\t<div class=\"elementor-element elementor-element-770102eb elementor-widget elementor-widget-text-editor\" data-id=\"770102eb\" data-element_type=\"widget\" data-e-type=\"widget\" data-widget_type=\"text-editor.default\">\n\t\t\t\t<div class=\"elementor-widget-container\">\n\t\t\t\t\t\t\t\t\t<p><strong>Technischer Industrieservice Sch\u00e4fer \u2013 Your partner for practical solutions in industrial manufacturing<\/strong><\/p><p>We stand for technical solutions that go far beyond mere product manufacturing. Our service begins with sound consulting and extends to full project support \u2013 from the initial idea through design to commissioning.<\/p><p><strong>Our range of services includes:<\/strong><\/p><ul><li><strong>CAD-based design and 3D visualization<\/strong>\u00a0\u2013 for precise planning and transparent communication<\/li><li><strong>Tool and fixture construction for the fabrication of custom conveyor belts<\/strong>\u00a0\u2013 including timing belts and positive drives of any tooth shape and pitch<\/li><li><strong>Radio-frequency welding<\/strong>\u00a0with in-house tool and fixture manufacturing<\/li><li><strong>Consulting, service, and sales<\/strong>\u00a0of high-frequency welding machines by REG Galbiati<\/li><li><strong>Special-purpose machine construction<\/strong>\u00a0for applications in the food and chemical industries<\/li><li><strong>Technical support and spare parts service<\/strong>\u00a0\u2013 also for machines from other manufacturers<\/li><li><strong>Extensive machinery<\/strong>\u00a0\u2013 for maximum flexibility in special requirements and short-term projects<\/li><\/ul><p><strong><br \/>Our services are modular and can be flexibly adapted to your requirements \u2013 whether for individual projects or series production. We think ahead, plan proactively, and deliver solutions that work.<\/strong><\/p>\t\t\t\t\t\t\t\t<\/div>\n\t\t\t\t<\/div>\n\t\t\t\t<\/div>\n\t\t\t\t<\/div>","protected":false},"excerpt":{"rendered":"<p>LeistungsspektrumFundierte Beratung bis zur vollst\u00e4ndigen ProjektbegleitungHochfrequenzschwei\u00dfenmit eigenem Werkzeug- und VorrichtungsbauErsatzteilnachfertigungf\u00fcr Maschinen ohne Ersatzteilversorgung Technik. Betreuung. Vertrauen. Technischer Industrieservice Sch\u00e4fer \u2013 Ihr Partner f\u00fcr praxisnahe L\u00f6sungen in der industriellen Fertigung Wir stehen f\u00fcr technische L\u00f6sungen, die weit \u00fcber die reine Produktfertigung hinausgehen. Unser Service beginnt bei der fundierten Beratung und reicht bis zur vollst\u00e4ndigen Projektbegleitung \u2013 [&hellip;]<\/p>\n","protected":false},"author":3,"featured_media":0,"parent":0,"menu_order":0,"comment_status":"closed","ping_status":"closed","template":"","meta":{"footnotes":""},"class_list":["post-613","page","type-page","status-publish","hentry"],"_links":{"self":[{"href":"https:\/\/www.tis-schaefer.de\/en\/wp-json\/wp\/v2\/pages\/613","targetHints":{"allow":["GET"]}}],"collection":[{"href":"https:\/\/www.tis-schaefer.de\/en\/wp-json\/wp\/v2\/pages"}],"about":[{"href":"https:\/\/www.tis-schaefer.de\/en\/wp-json\/wp\/v2\/types\/page"}],"author":[{"embeddable":true,"href":"https:\/\/www.tis-schaefer.de\/en\/wp-json\/wp\/v2\/users\/3"}],"replies":[{"embeddable":true,"href":"https:\/\/www.tis-schaefer.de\/en\/wp-json\/wp\/v2\/comments?post=613"}],"version-history":[{"count":0,"href":"https:\/\/www.tis-schaefer.de\/en\/wp-json\/wp\/v2\/pages\/613\/revisions"}],"wp:attachment":[{"href":"https:\/\/www.tis-schaefer.de\/en\/wp-json\/wp\/v2\/media?parent=613"}],"curies":[{"name":"wp","href":"https:\/\/api.w.org\/{rel}","templated":true}]}}