{"id":601,"date":"2025-06-22T17:07:38","date_gmt":"2025-06-22T15:07:38","guid":{"rendered":"https:\/\/www.tis-schaefer.de\/?page_id=601"},"modified":"2026-04-22T15:04:05","modified_gmt":"2026-04-22T13:04:05","slug":"portfolio","status":"publish","type":"page","link":"https:\/\/www.tis-schaefer.de\/en\/portfolio\/","title":{"rendered":"Portfolio"},"content":{"rendered":"<div data-elementor-type=\"wp-page\" data-elementor-id=\"601\" class=\"elementor elementor-601\" data-elementor-post-type=\"page\">\n\t\t\t\t<div class=\"elementor-element elementor-element-5fa92d67 e-con-full e-flex e-con e-parent\" data-id=\"5fa92d67\" data-element_type=\"container\" data-e-type=\"container\">\n\t\t\t\t<div class=\"elementor-element elementor-element-79c58f9 elementor--h-position-center elementor--v-position-middle elementor-arrows-position-inside elementor-pagination-position-inside elementor-widget elementor-widget-slides\" data-id=\"79c58f9\" data-element_type=\"widget\" data-e-type=\"widget\" data-settings=\"{&quot;autoplay_speed&quot;:3000,&quot;transition&quot;:&quot;fade&quot;,&quot;transition_speed&quot;:1000,&quot;navigation&quot;:&quot;both&quot;,&quot;autoplay&quot;:&quot;yes&quot;,&quot;infinite&quot;:&quot;yes&quot;}\" data-widget_type=\"slides.default\">\n\t\t\t\t<div class=\"elementor-widget-container\">\n\t\t\t\t\t\t\t\t\t<div class=\"elementor-swiper\">\n\t\t\t\t\t<div class=\"elementor-slides-wrapper elementor-main-swiper swiper\" role=\"region\" aria-roledescription=\"carousel\" aria-label=\"Slider\" dir=\"ltr\" data-animation=\"fadeInUp\">\n\t\t\t\t<div class=\"swiper-wrapper elementor-slides\">\n\t\t\t\t\t\t\t\t\t\t<div class=\"elementor-repeater-item-014ec27 swiper-slide\" role=\"group\" aria-roledescription=\"slide\"><div class=\"swiper-slide-bg elementor-ken-burns elementor-ken-burns--in\" role=\"img\" aria-label=\"20250222-IMG_6497\"><\/div><div class=\"swiper-slide-inner\" ><div class=\"swiper-slide-contents\"><div class=\"elementor-slide-heading\">Custom-engineered spare parts for optimized performance<\/div><div class=\"elementor-slide-description\">for legacy machines without replacement part supply<\/div><\/div><\/div><\/div><div class=\"elementor-repeater-item-07c5ec8 swiper-slide\" role=\"group\" aria-roledescription=\"slide\"><div class=\"swiper-slide-bg elementor-ken-burns elementor-ken-burns--in\" role=\"img\" aria-label=\"Portfolio-Motiv01\"><\/div><div class=\"swiper-slide-inner\" ><div class=\"swiper-slide-contents\"><div class=\"elementor-slide-heading\">Radio-frequency welding tools<\/div><div class=\"elementor-slide-description\">for conveyor systems<\/div><\/div><\/div><\/div><div class=\"elementor-repeater-item-3c7c3d1 swiper-slide\" role=\"group\" aria-roledescription=\"slide\"><div class=\"swiper-slide-bg elementor-ken-burns elementor-ken-burns--in\" role=\"img\" aria-label=\"A7403664-2-web\"><\/div><div class=\"swiper-slide-inner\" ><div class=\"swiper-slide-contents\"><div class=\"elementor-slide-heading\">Specialized conveying solutions<\/div><div class=\"elementor-slide-description\">Z-type elevators designed for cleanroom applications in the food industry<\/div><\/div><\/div><\/div><div class=\"elementor-repeater-item-22398ec swiper-slide\" role=\"group\" aria-roledescription=\"slide\"><div class=\"swiper-slide-bg elementor-ken-burns elementor-ken-burns--in\" role=\"img\" aria-label=\"Ersatzteile\"><\/div><div class=\"swiper-slide-inner\" ><div class=\"swiper-slide-contents\"><div class=\"elementor-slide-heading\">Tailor-made solutions, batch production, or integrated systems<\/div><div class=\"elementor-slide-description\">Engineering and realization of technical concepts<\/div><\/div><\/div><\/div>\t\t\t\t<\/div>\n\t\t\t\t\t\t\t\t\t\t\t\t\t\t\t<div class=\"elementor-swiper-button elementor-swiper-button-prev\" role=\"button\" tabindex=\"0\" aria-label=\"Vorheriger Slide\">\n\t\t\t\t\t\t\t<svg aria-hidden=\"true\" class=\"e-font-icon-svg e-eicon-chevron-left\" viewbox=\"0 0 1000 1000\" xmlns=\"http:\/\/www.w3.org\/2000\/svg\"><path d=\"M646 125C629 125 613 133 604 142L308 442C296 454 292 471 292 487 292 504 296 521 308 533L604 854C617 867 629 875 646 875 663 875 679 871 692 858 704 846 713 829 713 812 713 796 708 779 692 767L438 487 692 225C700 217 708 204 708 187 708 171 704 154 692 142 675 129 663 125 646 125Z\"><\/path><\/svg>\t\t\t\t\t\t<\/div>\n\t\t\t\t\t\t<div class=\"elementor-swiper-button elementor-swiper-button-next\" role=\"button\" tabindex=\"0\" aria-label=\"N\u00e4chster Slide\">\n\t\t\t\t\t\t\t<svg aria-hidden=\"true\" class=\"e-font-icon-svg e-eicon-chevron-right\" viewbox=\"0 0 1000 1000\" xmlns=\"http:\/\/www.w3.org\/2000\/svg\"><path d=\"M696 533C708 521 713 504 713 487 713 471 708 454 696 446L400 146C388 133 375 125 354 125 338 125 325 129 313 142 300 154 292 171 292 187 292 204 296 221 308 233L563 492 304 771C292 783 288 800 288 817 288 833 296 850 308 863 321 871 338 875 354 875 371 875 388 867 400 854L696 533Z\"><\/path><\/svg>\t\t\t\t\t\t<\/div>\n\t\t\t\t\t\t\t\t\t\t\t\t\t\t\t\t<div class=\"swiper-pagination\"><\/div>\n\t\t\t\t\t\t\t\t\t\t\t\t<\/div>\n\t\t\t\t<\/div>\n\t\t\t\t\t\t\t\t<\/div>\n\t\t\t\t<\/div>\n\t\t\t\t<\/div>\n\t\t<div class=\"elementor-element elementor-element-42eb8e2 e-con-full e-flex e-con e-parent\" data-id=\"42eb8e2\" data-element_type=\"container\" data-e-type=\"container\">\n\t\t\t\t<div class=\"elementor-element elementor-element-ed1b5b4 elementor-widget elementor-widget-heading\" data-id=\"ed1b5b4\" data-element_type=\"widget\" data-e-type=\"widget\" data-widget_type=\"heading.default\">\n\t\t\t\t<div class=\"elementor-widget-container\">\n\t\t\t\t\t<h2 class=\"elementor-heading-title elementor-size-default\">Trust in technology \u2013 proven by our projects\n<\/h2>\t\t\t\t<\/div>\n\t\t\t\t<\/div>\n\t\t\t\t<div class=\"elementor-element elementor-element-770102eb elementor-widget elementor-widget-text-editor\" data-id=\"770102eb\" data-element_type=\"widget\" data-e-type=\"widget\" data-widget_type=\"text-editor.default\">\n\t\t\t\t<div class=\"elementor-widget-container\">\n\t\t\t\t\t\t\t\t\t<p>We deliver solutions as unique as your production demands.<br \/><br \/>Whether custom manufacturing, series production, or system integration \u2013 we develop and implement technical concepts that deliver real-world results.<\/p><p>Our portfolio showcases selected projects and services we have implemented for companies across a wide range of industries \u2013 from high-frequency welding tools for conveyor belts to systems for hot filling. Each project stands for quality, precision, and collaborative partnership.<\/p><p><strong>Experience how we turn challenges into functional technology \u2013 efficient, durable, and precisely tailored to your needs.<\/strong><\/p>\t\t\t\t\t\t\t\t<\/div>\n\t\t\t\t<\/div>\n\t\t\t\t<\/div>\n\t\t<div class=\"elementor-element elementor-element-3b4bfb2 e-con-full e-flex e-con e-parent\" data-id=\"3b4bfb2\" data-element_type=\"container\" data-e-type=\"container\">\n\t\t\t\t<div class=\"elementor-element elementor-element-18bbba7 elementor-widget elementor-widget-heading\" data-id=\"18bbba7\" data-element_type=\"widget\" data-e-type=\"widget\" data-widget_type=\"heading.default\">\n\t\t\t\t<div class=\"elementor-widget-container\">\n\t\t\t\t\t<h2 class=\"elementor-heading-title elementor-size-default\">Fields of expertise<\/h2>\t\t\t\t<\/div>\n\t\t\t\t<\/div>\n\t\t\t\t<div class=\"elementor-element elementor-element-804ba74 elementor-widget elementor-widget-text-editor\" data-id=\"804ba74\" data-element_type=\"widget\" data-e-type=\"widget\" data-widget_type=\"text-editor.default\">\n\t\t\t\t<div class=\"elementor-widget-container\">\n\t\t\t\t\t\t\t\t\t<ul><li>Eigene Entwicklung und Fertigung kundenspezifischer Hochfrequenzwerkzeuge<\/li><li>Thermoforming and sealing tools including heat protection plates, frames, and chambers for packaging machines<\/li><li>Manufacturing of optimized custom spare parts for machines without spare parts availability, using state-of-the-art materials and production technologies<\/li><li>Piston dosing filler for hot filling of molten products and fibrous food products<\/li><li>Specialized conveyor technology, e.g. Z-elevators for cleanroom environments in food production<\/li><li>Process automation; process standardization and stabilization<\/li><\/ul>\t\t\t\t\t\t\t\t<\/div>\n\t\t\t\t<\/div>\n\t\t<div class=\"elementor-element elementor-element-d7f04df e-con-full e-flex e-con e-child\" data-id=\"d7f04df\" data-element_type=\"container\" data-e-type=\"container\">\n\t\t\t\t<div class=\"elementor-element elementor-element-4a9c2a5 elementor-widget elementor-widget-heading\" data-id=\"4a9c2a5\" data-element_type=\"widget\" data-e-type=\"widget\" data-widget_type=\"heading.default\">\n\t\t\t\t<div class=\"elementor-widget-container\">\n\t\t\t\t\t<h2 class=\"elementor-heading-title elementor-size-default\">Heidesheimmaschinen <\/h2>\t\t\t\t<\/div>\n\t\t\t\t<\/div>\n\t\t\t\t<div class=\"elementor-element elementor-element-b1d7865 elementor-widget elementor-widget-text-editor\" data-id=\"b1d7865\" data-element_type=\"widget\" data-e-type=\"widget\" data-widget_type=\"text-editor.default\">\n\t\t\t\t<div class=\"elementor-widget-container\">\n\t\t\t\t\t\t\t\t\t<p>Heidesheimmaschinen was a manufacturer of <strong>piston dosing fillers<\/strong>. Specially designed for fibrous foods, doughs, and other challenging filling materials. We acquired all rights, design drawings, and spare parts inventory from the company when Mr. Dieter retired due to age. The spare parts supply is still maintained, and new dosing fillers are being developed based on the proven technology, now combined with modern drives and control systems.<\/p><p><strong>Spare parts supply continues to be maintained.<\/strong> Building on proven technology and combining it with modern drive and control systems, new dosing fillers continue to be developed and manufactured.<\/p>\t\t\t\t\t\t\t\t<\/div>\n\t\t\t\t<\/div>\n\t\t\t\t<\/div>\n\t\t\t\t<\/div>\n\t\t<div class=\"elementor-element elementor-element-4536933 e-con-full e-flex e-con e-parent\" data-id=\"4536933\" data-element_type=\"container\" data-e-type=\"container\">\n\t\t\t\t<div class=\"elementor-element elementor-element-24e32af elementor-widget elementor-widget-heading\" data-id=\"24e32af\" data-element_type=\"widget\" data-e-type=\"widget\" data-widget_type=\"heading.default\">\n\t\t\t\t<div class=\"elementor-widget-container\">\n\t\t\t\t\t<h2 class=\"elementor-heading-title elementor-size-default\">Project examples<\/h2>\t\t\t\t<\/div>\n\t\t\t\t<\/div>\n\t\t\t\t<\/div>\n\t\t<div class=\"elementor-element elementor-element-6da1ef9 e-con-full e-flex e-con e-parent\" data-id=\"6da1ef9\" data-element_type=\"container\" data-e-type=\"container\">\n\t\t<div class=\"elementor-element elementor-element-d7b392a e-con-full e-flex e-con e-child\" data-id=\"d7b392a\" data-element_type=\"container\" data-e-type=\"container\">\n\t\t\t\t<div class=\"elementor-element elementor-element-704412e elementor-widget elementor-widget-image\" data-id=\"704412e\" data-element_type=\"widget\" data-e-type=\"widget\" data-widget_type=\"image.default\">\n\t\t\t\t<div class=\"elementor-widget-container\">\n\t\t\t\t\t\t\t\t\t\t\t\t\t\t\t<img fetchpriority=\"high\" decoding=\"async\" width=\"800\" height=\"600\" src=\"https:\/\/www.tis-schaefer.de\/wp-content\/uploads\/2025\/06\/Portfolio-Case-03-1024x768.jpg\" class=\"attachment-large size-large wp-image-1022\" alt=\"\" srcset=\"https:\/\/www.tis-schaefer.de\/wp-content\/uploads\/2025\/06\/Portfolio-Case-03-1024x768.jpg 1024w, https:\/\/www.tis-schaefer.de\/wp-content\/uploads\/2025\/06\/Portfolio-Case-03-300x225.jpg 300w, https:\/\/www.tis-schaefer.de\/wp-content\/uploads\/2025\/06\/Portfolio-Case-03-768x576.jpg 768w, https:\/\/www.tis-schaefer.de\/wp-content\/uploads\/2025\/06\/Portfolio-Case-03.jpg 1200w\" sizes=\"(max-width: 800px) 100vw, 800px\" \/>\t\t\t\t\t\t\t\t\t\t\t\t\t\t\t<\/div>\n\t\t\t\t<\/div>\n\t\t\t\t<\/div>\n\t\t<div class=\"elementor-element elementor-element-0a0d876 e-con-full e-flex e-con e-child\" data-id=\"0a0d876\" data-element_type=\"container\" data-e-type=\"container\">\n\t\t\t\t<div class=\"elementor-element elementor-element-23f2917 elementor-widget elementor-widget-heading\" data-id=\"23f2917\" data-element_type=\"widget\" data-e-type=\"widget\" data-widget_type=\"heading.default\">\n\t\t\t\t<div class=\"elementor-widget-container\">\n\t\t\t\t\t<h2 class=\"elementor-heading-title elementor-size-default\">Meatloaf filling with container changeover<\/h2>\t\t\t\t<\/div>\n\t\t\t\t<\/div>\n\t\t\t\t<div class=\"elementor-element elementor-element-d4882b0 elementor-widget elementor-widget-text-editor\" data-id=\"d4882b0\" data-element_type=\"widget\" data-e-type=\"widget\" data-widget_type=\"text-editor.default\">\n\t\t\t\t<div class=\"elementor-widget-container\">\n\t\t\t\t\t\t\t\t\t<p>Filling tower for dosing meatloaf mixture into 1000g and 400g containers.\nThe filling flow is requested by a filling machine equipped with a third-party flow distributor.\nThe containers are positioned beneath the filling heads, which immerse into the containers and are raised during the filling process.\nAt the end of each cycle, the flow of meat mixture is cut off, and the machine positions the containers for the next filling cycle.<\/p><p>The switch between 1000g and 400g containers is carried out by replacing the belt magazine insert.\nThe spacing of the pushers on the tray conveyor and the lateral guides are specifically adjusted for each container format.\nThe changeover can be completed within just a few minutes.<\/p>\t\t\t\t\t\t\t\t<\/div>\n\t\t\t\t<\/div>\n\t\t\t\t<\/div>\n\t\t\t\t<\/div>\n\t\t<div class=\"elementor-element elementor-element-5b914ff e-con-full e-flex e-con e-parent\" data-id=\"5b914ff\" data-element_type=\"container\" data-e-type=\"container\">\n\t\t<div class=\"elementor-element elementor-element-eddd00d e-con-full e-flex e-con e-child\" data-id=\"eddd00d\" data-element_type=\"container\" data-e-type=\"container\">\n\t\t\t\t<div class=\"elementor-element elementor-element-4cfa4df elementor-widget elementor-widget-image\" data-id=\"4cfa4df\" data-element_type=\"widget\" data-e-type=\"widget\" data-widget_type=\"image.default\">\n\t\t\t\t<div class=\"elementor-widget-container\">\n\t\t\t\t\t\t\t\t\t\t\t\t\t\t\t<img decoding=\"async\" width=\"800\" height=\"600\" src=\"https:\/\/www.tis-schaefer.de\/wp-content\/uploads\/2025\/06\/Portfolio-Case-04-1024x768.jpg\" class=\"attachment-large size-large wp-image-1019\" alt=\"\" srcset=\"https:\/\/www.tis-schaefer.de\/wp-content\/uploads\/2025\/06\/Portfolio-Case-04-1024x768.jpg 1024w, https:\/\/www.tis-schaefer.de\/wp-content\/uploads\/2025\/06\/Portfolio-Case-04-300x225.jpg 300w, https:\/\/www.tis-schaefer.de\/wp-content\/uploads\/2025\/06\/Portfolio-Case-04-768x576.jpg 768w, https:\/\/www.tis-schaefer.de\/wp-content\/uploads\/2025\/06\/Portfolio-Case-04.jpg 1200w\" sizes=\"(max-width: 800px) 100vw, 800px\" \/>\t\t\t\t\t\t\t\t\t\t\t\t\t\t\t<\/div>\n\t\t\t\t<\/div>\n\t\t\t\t<\/div>\n\t\t<div class=\"elementor-element elementor-element-27f8630 e-con-full e-flex e-con e-child\" data-id=\"27f8630\" data-element_type=\"container\" data-e-type=\"container\">\n\t\t\t\t<div class=\"elementor-element elementor-element-548e2c7 elementor-widget elementor-widget-heading\" data-id=\"548e2c7\" data-element_type=\"widget\" data-e-type=\"widget\" data-widget_type=\"heading.default\">\n\t\t\t\t<div class=\"elementor-widget-container\">\n\t\t\t\t\t<h2 class=\"elementor-heading-title elementor-size-default\">Forming base for thermoforming film packaging machine<\/h2>\t\t\t\t<\/div>\n\t\t\t\t<\/div>\n\t\t\t\t<div class=\"elementor-element elementor-element-9bac8dd elementor-widget elementor-widget-text-editor\" data-id=\"9bac8dd\" data-element_type=\"widget\" data-e-type=\"widget\" data-widget_type=\"text-editor.default\">\n\t\t\t\t<div class=\"elementor-widget-container\">\n\t\t\t\t\t\t\t\t\t<p>The thermoforming insert base has been optimized compared to the original part.\nThe number of vacuum bores has been increased and the bore diameter reduced to improve film draw-off while preventing imprint marks.\nA core made of ferromagnetic stainless steel has been integrated in the center, allowing the bases to be easily inserted and removed from the mold using a magnetic lifter.<\/p>\t\t\t\t\t\t\t\t<\/div>\n\t\t\t\t<\/div>\n\t\t\t\t<\/div>\n\t\t\t\t<\/div>\n\t\t<div class=\"elementor-element elementor-element-620f6f6 e-con-full e-flex e-con e-parent\" data-id=\"620f6f6\" data-element_type=\"container\" data-e-type=\"container\">\n\t\t<div class=\"elementor-element elementor-element-258aaf4 e-con-full e-flex e-con e-child\" data-id=\"258aaf4\" data-element_type=\"container\" data-e-type=\"container\">\n\t\t\t\t<div class=\"elementor-element elementor-element-5d4e1e3 elementor-widget elementor-widget-image\" data-id=\"5d4e1e3\" data-element_type=\"widget\" data-e-type=\"widget\" data-widget_type=\"image.default\">\n\t\t\t\t<div class=\"elementor-widget-container\">\n\t\t\t\t\t\t\t\t\t\t\t\t\t\t\t<img decoding=\"async\" width=\"800\" height=\"600\" src=\"https:\/\/www.tis-schaefer.de\/wp-content\/uploads\/2025\/06\/Portfolio-Case-01-1024x768.jpg\" class=\"attachment-large size-large wp-image-1020\" alt=\"\" srcset=\"https:\/\/www.tis-schaefer.de\/wp-content\/uploads\/2025\/06\/Portfolio-Case-01-1024x768.jpg 1024w, https:\/\/www.tis-schaefer.de\/wp-content\/uploads\/2025\/06\/Portfolio-Case-01-300x225.jpg 300w, https:\/\/www.tis-schaefer.de\/wp-content\/uploads\/2025\/06\/Portfolio-Case-01-768x576.jpg 768w, https:\/\/www.tis-schaefer.de\/wp-content\/uploads\/2025\/06\/Portfolio-Case-01.jpg 1200w\" sizes=\"(max-width: 800px) 100vw, 800px\" \/>\t\t\t\t\t\t\t\t\t\t\t\t\t\t\t<\/div>\n\t\t\t\t<\/div>\n\t\t\t\t<\/div>\n\t\t<div class=\"elementor-element elementor-element-94316bd e-con-full e-flex e-con e-child\" data-id=\"94316bd\" data-element_type=\"container\" data-e-type=\"container\">\n\t\t\t\t<div class=\"elementor-element elementor-element-97613ab elementor-widget elementor-widget-heading\" data-id=\"97613ab\" data-element_type=\"widget\" data-e-type=\"widget\" data-widget_type=\"heading.default\">\n\t\t\t\t<div class=\"elementor-widget-container\">\n\t\t\t\t\t<h2 class=\"elementor-heading-title elementor-size-default\">Heated plate for packaging machine with special coating<\/h2>\t\t\t\t<\/div>\n\t\t\t\t<\/div>\n\t\t\t\t<div class=\"elementor-element elementor-element-535bc0a elementor-widget elementor-widget-text-editor\" data-id=\"535bc0a\" data-element_type=\"widget\" data-e-type=\"widget\" data-widget_type=\"text-editor.default\">\n\t\t\t\t<div class=\"elementor-widget-container\">\n\t\t\t\t\t\t\t\t\t<p>Heated plate for sealing containers with film.\nThe plate was custom-manufactured and coated with a special surface treatment that surpasses PTFE coatings in terms of mechanical durability and temperature resistance.<\/p>\t\t\t\t\t\t\t\t<\/div>\n\t\t\t\t<\/div>\n\t\t\t\t<\/div>\n\t\t\t\t<\/div>\n\t\t<div class=\"elementor-element elementor-element-e692cae e-con-full e-flex e-con e-parent\" data-id=\"e692cae\" data-element_type=\"container\" data-e-type=\"container\">\n\t\t<div class=\"elementor-element elementor-element-d35f8f8 e-con-full e-flex e-con e-child\" data-id=\"d35f8f8\" data-element_type=\"container\" data-e-type=\"container\">\n\t\t\t\t<div class=\"elementor-element elementor-element-8665f56 elementor-widget elementor-widget-image\" data-id=\"8665f56\" data-element_type=\"widget\" data-e-type=\"widget\" data-widget_type=\"image.default\">\n\t\t\t\t<div class=\"elementor-widget-container\">\n\t\t\t\t\t\t\t\t\t\t\t\t\t\t\t<img loading=\"lazy\" decoding=\"async\" width=\"800\" height=\"600\" src=\"https:\/\/www.tis-schaefer.de\/wp-content\/uploads\/2025\/06\/Portfolio-Case-02-1024x768.jpg\" class=\"attachment-large size-large wp-image-1021\" alt=\"\" srcset=\"https:\/\/www.tis-schaefer.de\/wp-content\/uploads\/2025\/06\/Portfolio-Case-02-1024x768.jpg 1024w, https:\/\/www.tis-schaefer.de\/wp-content\/uploads\/2025\/06\/Portfolio-Case-02-300x225.jpg 300w, https:\/\/www.tis-schaefer.de\/wp-content\/uploads\/2025\/06\/Portfolio-Case-02-768x576.jpg 768w, https:\/\/www.tis-schaefer.de\/wp-content\/uploads\/2025\/06\/Portfolio-Case-02.jpg 1200w\" sizes=\"(max-width: 800px) 100vw, 800px\" \/>\t\t\t\t\t\t\t\t\t\t\t\t\t\t\t<\/div>\n\t\t\t\t<\/div>\n\t\t\t\t<\/div>\n\t\t<div class=\"elementor-element elementor-element-db5f771 e-con-full e-flex e-con e-child\" data-id=\"db5f771\" data-element_type=\"container\" data-e-type=\"container\">\n\t\t\t\t<div class=\"elementor-element elementor-element-8d49fba elementor-widget elementor-widget-heading\" data-id=\"8d49fba\" data-element_type=\"widget\" data-e-type=\"widget\" data-widget_type=\"heading.default\">\n\t\t\t\t<div class=\"elementor-widget-container\">\n\t\t\t\t\t<h2 class=\"elementor-heading-title elementor-size-default\">Heavy-duty machine transport rollers<\/h2>\t\t\t\t<\/div>\n\t\t\t\t<\/div>\n\t\t\t\t<div class=\"elementor-element elementor-element-bc354dd elementor-widget elementor-widget-text-editor\" data-id=\"bc354dd\" data-element_type=\"widget\" data-e-type=\"widget\" data-widget_type=\"text-editor.default\">\n\t\t\t\t<div class=\"elementor-widget-container\">\n\t\t\t\t\t\t\t\t\t<p>Stainless steel version for relocating machinery within food production environments. Load capacity per unit: 2000\u202fkg.<\/p>\t\t\t\t\t\t\t\t<\/div>\n\t\t\t\t<\/div>\n\t\t\t\t<\/div>\n\t\t\t\t<\/div>\n\t\t\t\t<\/div>","protected":false},"excerpt":{"rendered":"<p>Anfertigung von optimierten Sonderersatzteilenf\u00fcr Maschinen ohne ErsatzteilversorgungHochfrequenz-Schwei\u00dfwerkzeugef\u00fcr Transportb\u00e4nderSpezial-F\u00f6rdertechnikZ-Elevatoren f\u00fcr Reinbereiche in der LebensmittelherstellungSonderanfertigung, Serienfertigung oder SystemintegrationEntwicklung und Realisierung technischer Konzepte Vertrauen in Technik \u2013 das zeigen unsere Projekte Unsere L\u00f6sungen sind so individuell wie die Anforderungen unserer Kunden. Ob Sonderanfertigung, Serienfertigung oder Systemintegration \u2013 wir entwickeln und realisieren technische Konzepte, die in der Praxis \u00fcberzeugen. [&hellip;]<\/p>\n","protected":false},"author":3,"featured_media":0,"parent":0,"menu_order":0,"comment_status":"closed","ping_status":"closed","template":"","meta":{"footnotes":""},"class_list":["post-601","page","type-page","status-publish","hentry"],"_links":{"self":[{"href":"https:\/\/www.tis-schaefer.de\/en\/wp-json\/wp\/v2\/pages\/601","targetHints":{"allow":["GET"]}}],"collection":[{"href":"https:\/\/www.tis-schaefer.de\/en\/wp-json\/wp\/v2\/pages"}],"about":[{"href":"https:\/\/www.tis-schaefer.de\/en\/wp-json\/wp\/v2\/types\/page"}],"author":[{"embeddable":true,"href":"https:\/\/www.tis-schaefer.de\/en\/wp-json\/wp\/v2\/users\/3"}],"replies":[{"embeddable":true,"href":"https:\/\/www.tis-schaefer.de\/en\/wp-json\/wp\/v2\/comments?post=601"}],"version-history":[{"count":3,"href":"https:\/\/www.tis-schaefer.de\/en\/wp-json\/wp\/v2\/pages\/601\/revisions"}],"predecessor-version":[{"id":1347,"href":"https:\/\/www.tis-schaefer.de\/en\/wp-json\/wp\/v2\/pages\/601\/revisions\/1347"}],"wp:attachment":[{"href":"https:\/\/www.tis-schaefer.de\/en\/wp-json\/wp\/v2\/media?parent=601"}],"curies":[{"name":"wp","href":"https:\/\/api.w.org\/{rel}","templated":true}]}}