{"id":348,"date":"2025-06-22T14:58:28","date_gmt":"2025-06-22T12:58:28","guid":{"rendered":"https:\/\/www.tis-schaefer.de\/?page_id=348"},"modified":"2026-04-22T15:05:44","modified_gmt":"2026-04-22T13:05:44","slug":"hochfrequenzschweissen","status":"publish","type":"page","link":"https:\/\/www.tis-schaefer.de\/en\/hochfrequenzschweissen\/","title":{"rendered":"Radio-frequency welding"},"content":{"rendered":"<div data-elementor-type=\"wp-page\" data-elementor-id=\"348\" class=\"elementor elementor-348\" data-elementor-post-type=\"page\">\n\t\t\t\t<div class=\"elementor-element elementor-element-5fa92d67 e-con-full e-flex e-con e-parent\" data-id=\"5fa92d67\" data-element_type=\"container\" data-e-type=\"container\">\n\t\t\t\t<div class=\"elementor-element elementor-element-79c58f9 elementor--h-position-center elementor--v-position-middle elementor-arrows-position-inside elementor-pagination-position-inside elementor-widget elementor-widget-slides\" data-id=\"79c58f9\" data-element_type=\"widget\" data-e-type=\"widget\" data-settings=\"{&quot;autoplay_speed&quot;:3000,&quot;transition&quot;:&quot;fade&quot;,&quot;transition_speed&quot;:1000,&quot;navigation&quot;:&quot;both&quot;,&quot;autoplay&quot;:&quot;yes&quot;,&quot;infinite&quot;:&quot;yes&quot;}\" data-widget_type=\"slides.default\">\n\t\t\t\t<div class=\"elementor-widget-container\">\n\t\t\t\t\t\t\t\t\t<div class=\"elementor-swiper\">\n\t\t\t\t\t<div class=\"elementor-slides-wrapper elementor-main-swiper swiper\" role=\"region\" aria-roledescription=\"carousel\" aria-label=\"Slider\" dir=\"ltr\" data-animation=\"fadeInUp\">\n\t\t\t\t<div class=\"swiper-wrapper elementor-slides\">\n\t\t\t\t\t\t\t\t\t\t<div class=\"elementor-repeater-item-014ec27 swiper-slide\" role=\"group\" aria-roledescription=\"slide\"><div class=\"swiper-slide-bg elementor-ken-burns elementor-ken-burns--in\" role=\"img\" aria-label=\"REG-SNT-web\"><\/div><div class=\"swiper-slide-inner\" ><div class=\"swiper-slide-contents\"><div class=\"elementor-slide-heading\">Radio-frequency welding technology<\/div><div class=\"elementor-slide-description\">for industrial series and custom production<\/div><\/div><\/div><\/div><div class=\"elementor-repeater-item-07c5ec8 swiper-slide\" role=\"group\" aria-roledescription=\"slide\"><div class=\"swiper-slide-bg elementor-ken-burns elementor-ken-burns--in\" role=\"img\" aria-label=\"reg-galbiati-macchine-saldatrici-alta-frequenza-web\"><\/div><div class=\"swiper-slide-inner\" ><div class=\"swiper-slide-contents\"><div class=\"elementor-slide-heading\">Exclusive REG partner for Germany<\/div><div class=\"elementor-slide-description\">Radio-frequency welding systems with superior performance<\/div><\/div><\/div><\/div><div class=\"elementor-repeater-item-7dd1c13 swiper-slide\" role=\"group\" aria-roledescription=\"slide\"><div class=\"swiper-slide-bg elementor-ken-burns elementor-ken-burns--in\" role=\"img\" aria-label=\"HF-Schweissen-Motiv01\"><\/div><div class=\"swiper-slide-inner\" ><div class=\"swiper-slide-contents\"><div class=\"elementor-slide-heading\">Maintenance &amp; Spare Parts Supply<\/div><div class=\"elementor-slide-description\">for REG machinery<\/div><\/div><\/div><\/div>\t\t\t\t<\/div>\n\t\t\t\t\t\t\t\t\t\t\t\t\t\t\t<div class=\"elementor-swiper-button elementor-swiper-button-prev\" role=\"button\" tabindex=\"0\" aria-label=\"Vorheriger Slide\">\n\t\t\t\t\t\t\t<svg aria-hidden=\"true\" class=\"e-font-icon-svg e-eicon-chevron-left\" viewbox=\"0 0 1000 1000\" xmlns=\"http:\/\/www.w3.org\/2000\/svg\"><path d=\"M646 125C629 125 613 133 604 142L308 442C296 454 292 471 292 487 292 504 296 521 308 533L604 854C617 867 629 875 646 875 663 875 679 871 692 858 704 846 713 829 713 812 713 796 708 779 692 767L438 487 692 225C700 217 708 204 708 187 708 171 704 154 692 142 675 129 663 125 646 125Z\"><\/path><\/svg>\t\t\t\t\t\t<\/div>\n\t\t\t\t\t\t<div class=\"elementor-swiper-button elementor-swiper-button-next\" role=\"button\" tabindex=\"0\" aria-label=\"N\u00e4chster Slide\">\n\t\t\t\t\t\t\t<svg aria-hidden=\"true\" class=\"e-font-icon-svg e-eicon-chevron-right\" viewbox=\"0 0 1000 1000\" xmlns=\"http:\/\/www.w3.org\/2000\/svg\"><path d=\"M696 533C708 521 713 504 713 487 713 471 708 454 696 446L400 146C388 133 375 125 354 125 338 125 325 129 313 142 300 154 292 171 292 187 292 204 296 221 308 233L563 492 304 771C292 783 288 800 288 817 288 833 296 850 308 863 321 871 338 875 354 875 371 875 388 867 400 854L696 533Z\"><\/path><\/svg>\t\t\t\t\t\t<\/div>\n\t\t\t\t\t\t\t\t\t\t\t\t\t\t\t\t<div class=\"swiper-pagination\"><\/div>\n\t\t\t\t\t\t\t\t\t\t\t\t<\/div>\n\t\t\t\t<\/div>\n\t\t\t\t\t\t\t\t<\/div>\n\t\t\t\t<\/div>\n\t\t\t\t<\/div>\n\t\t<div class=\"elementor-element elementor-element-42eb8e2 e-con-full e-flex e-con e-parent\" data-id=\"42eb8e2\" data-element_type=\"container\" data-e-type=\"container\">\n\t\t\t\t<div class=\"elementor-element elementor-element-ed1b5b4 elementor-widget elementor-widget-heading\" data-id=\"ed1b5b4\" data-element_type=\"widget\" data-e-type=\"widget\" data-widget_type=\"heading.default\">\n\t\t\t\t<div class=\"elementor-widget-container\">\n\t\t\t\t\t<h2 class=\"elementor-heading-title elementor-size-default\">Radio-frequency welding &amp; conveyor technology for industrial applications<\/h2>\t\t\t\t<\/div>\n\t\t\t\t<\/div>\n\t\t<div class=\"elementor-element elementor-element-ef7ba0c e-con-full e-flex e-con e-child\" data-id=\"ef7ba0c\" data-element_type=\"container\" data-e-type=\"container\">\n\t\t\t\t<div class=\"elementor-element elementor-element-4fbceaa elementor-widget elementor-widget-heading\" data-id=\"4fbceaa\" data-element_type=\"widget\" data-e-type=\"widget\" data-widget_type=\"heading.default\">\n\t\t\t\t<div class=\"elementor-widget-container\">\n\t\t\t\t\t<h2 class=\"elementor-heading-title elementor-size-default\">Project examples<\/h2>\t\t\t\t<\/div>\n\t\t\t\t<\/div>\n\t\t\t\t<\/div>\n\t\t\t\t<div class=\"elementor-element elementor-element-770102eb elementor-widget elementor-widget-text-editor\" data-id=\"770102eb\" data-element_type=\"widget\" data-e-type=\"widget\" data-widget_type=\"text-editor.default\">\n\t\t\t\t<div class=\"elementor-widget-container\">\n\t\t\t\t\t\t\t\t\t<p>As a reliable partner for industrial manufacturing processes, we offer specialized services in the field of <strong>Radio-frequency welding<\/strong>. Our technology enables precise, durable, flexible, and cost-effective joining of thermoplastic materials \u2013 primarily in conveyor systems, but also in the automotive, packaging, medical, and textile industries.<\/p><p>Our offering is complemented by proprietary radio-frequency welding tools we design and manufacture ourselves, as well as by auxiliary equipment and components for upstream and downstream process steps in product finishing. This means we don\u2019t just deliver individual parts, but complete process solutions \u2013 validatable, reproducible, stable, and efficient.<\/p><p><b>Overview of our services<\/b><\/p><ul><li><strong>Radio-frequency welding technology<\/strong>\u00a0for industrial series and custom production<\/li><li><strong>Project support<\/strong>\u00a0from planning and design to commissioning<\/li><li><strong>Maintenance, spare parts supply, and system optimization<\/strong>\u00a0for existing installations<\/li><li><strong>Custom radio-frequency welding tools<\/strong>\u00a0\u2013 including modular designs \u2013 as well as matching lower tools with any form-fit or guide-track profile<\/li><\/ul><p><b><b><br \/>Why work with us?<\/b><\/b><\/p><ul><li><strong>Extensive experience in processing TPU plastics<\/strong>\u00a0\u2013 especially in conveyor technology<\/li><li><strong>Technical expertise combined with practical, solution-oriented consulting<\/strong>\u00a0\u2013 for results that work in real-world production<\/li><li><strong>Tailor-made solutions<\/strong>\u2013 precisely aligned with your individual production requirements<\/li><\/ul><p><strong><br \/>Choose a partner who understands your processes \u2013 and helps you evolve them.<\/strong><\/p>\t\t\t\t\t\t\t\t<\/div>\n\t\t\t\t<\/div>\n\t\t\t\t<\/div>\n\t\t<div class=\"elementor-element elementor-element-0c38703 e-con-full e-flex e-con e-parent\" data-id=\"0c38703\" data-element_type=\"container\" data-e-type=\"container\">\n\t\t<div class=\"elementor-element elementor-element-bcd5cf4 e-con-full e-flex e-con e-child\" data-id=\"bcd5cf4\" data-element_type=\"container\" data-e-type=\"container\">\n\t\t\t\t<div class=\"elementor-element elementor-element-278b232 elementor-widget elementor-widget-image\" data-id=\"278b232\" data-element_type=\"widget\" data-e-type=\"widget\" data-widget_type=\"image.default\">\n\t\t\t\t<div class=\"elementor-widget-container\">\n\t\t\t\t\t\t\t\t\t\t\t\t\t\t\t<img fetchpriority=\"high\" decoding=\"async\" width=\"800\" height=\"588\" src=\"https:\/\/www.tis-schaefer.de\/wp-content\/uploads\/2025\/06\/HF-Schweissen-Motiv01-1024x752.jpg\" class=\"attachment-large size-large wp-image-865\" alt=\"\" srcset=\"https:\/\/www.tis-schaefer.de\/wp-content\/uploads\/2025\/06\/HF-Schweissen-Motiv01-1024x752.jpg 1024w, https:\/\/www.tis-schaefer.de\/wp-content\/uploads\/2025\/06\/HF-Schweissen-Motiv01-300x220.jpg 300w, https:\/\/www.tis-schaefer.de\/wp-content\/uploads\/2025\/06\/HF-Schweissen-Motiv01-768x564.jpg 768w, https:\/\/www.tis-schaefer.de\/wp-content\/uploads\/2025\/06\/HF-Schweissen-Motiv01.jpg 1200w\" sizes=\"(max-width: 800px) 100vw, 800px\" \/>\t\t\t\t\t\t\t\t\t\t\t\t\t\t\t<\/div>\n\t\t\t\t<\/div>\n\t\t\t\t<\/div>\n\t\t<div class=\"elementor-element elementor-element-64a733f e-con-full e-flex e-con e-child\" data-id=\"64a733f\" data-element_type=\"container\" data-e-type=\"container\">\n\t\t\t\t<div class=\"elementor-element elementor-element-ba9c20b elementor-widget elementor-widget-heading\" data-id=\"ba9c20b\" data-element_type=\"widget\" data-e-type=\"widget\" data-widget_type=\"heading.default\">\n\t\t\t\t<div class=\"elementor-widget-container\">\n\t\t\t\t\t<h2 class=\"elementor-heading-title elementor-size-default\">\"Modular T-cleat tool; T-shaped cleat formed in the radio-frequency welding process.<\/h2>\t\t\t\t<\/div>\n\t\t\t\t<\/div>\n\t\t\t\t<div class=\"elementor-element elementor-element-38d465d elementor-widget elementor-widget-text-editor\" data-id=\"38d465d\" data-element_type=\"widget\" data-e-type=\"widget\" data-widget_type=\"text-editor.default\">\n\t\t\t\t<div class=\"elementor-widget-container\">\n\t\t\t\t\t\t\t\t\t<p>The tool length is modularly adjustable and can therefore be used even between corrugation edges with only 5\u202fmm lateral distance to the apex. The tool can also be used for preformed T-cleat.<br \/>In addition, the tool can be easily converted \u2013 with only a few accessory parts \u2013 for welding smooth studs.<\/p>\t\t\t\t\t\t\t\t<\/div>\n\t\t\t\t<\/div>\n\t\t\t\t<\/div>\n\t\t\t\t<\/div>\n\t\t\t\t<\/div>","protected":false},"excerpt":{"rendered":"<p>Hochfrequenzschwei\u00dftechnikf\u00fcr industrielle Serien- und SonderfertigungREG Exklusiv-Partner f\u00fcr DeutschlandHochfrequenzschwei\u00dfmaschinen, die mehr leisten.Wartung &#038; Ersatzteilversorgungf\u00fcr REG-Anlagen Hochfrequenzschwei\u00dfen &amp; F\u00f6rdertechnik f\u00fcr industrielle Anwendungen Projektbeispiele Als zuverl\u00e4ssiger Partner f\u00fcr industrielle Fertigungsprozesse bieten wir spezialisierte Leistungen im Bereich des Hochfrequenzschwei\u00dfens. Unsere Technologie erm\u00f6glicht pr\u00e4zise, belastbare, flexible und wirtschaftliche Verbindungen thermoplastischer Materialien \u2013 insbesondere in der F\u00f6rdertechnik, aber auch in der [&hellip;]<\/p>\n","protected":false},"author":3,"featured_media":0,"parent":0,"menu_order":0,"comment_status":"closed","ping_status":"closed","template":"","meta":{"footnotes":""},"class_list":["post-348","page","type-page","status-publish","hentry"],"_links":{"self":[{"href":"https:\/\/www.tis-schaefer.de\/en\/wp-json\/wp\/v2\/pages\/348","targetHints":{"allow":["GET"]}}],"collection":[{"href":"https:\/\/www.tis-schaefer.de\/en\/wp-json\/wp\/v2\/pages"}],"about":[{"href":"https:\/\/www.tis-schaefer.de\/en\/wp-json\/wp\/v2\/types\/page"}],"author":[{"embeddable":true,"href":"https:\/\/www.tis-schaefer.de\/en\/wp-json\/wp\/v2\/users\/3"}],"replies":[{"embeddable":true,"href":"https:\/\/www.tis-schaefer.de\/en\/wp-json\/wp\/v2\/comments?post=348"}],"version-history":[{"count":9,"href":"https:\/\/www.tis-schaefer.de\/en\/wp-json\/wp\/v2\/pages\/348\/revisions"}],"predecessor-version":[{"id":1356,"href":"https:\/\/www.tis-schaefer.de\/en\/wp-json\/wp\/v2\/pages\/348\/revisions\/1356"}],"wp:attachment":[{"href":"https:\/\/www.tis-schaefer.de\/en\/wp-json\/wp\/v2\/media?parent=348"}],"curies":[{"name":"wp","href":"https:\/\/api.w.org\/{rel}","templated":true}]}}